{"id":79,"date":"2019-01-14T17:32:04","date_gmt":"2019-01-14T16:32:04","guid":{"rendered":"http:\/\/ascosa.corsica\/?page_id=79"},"modified":"2023-12-14T16:05:39","modified_gmt":"2023-12-14T15:05:39","slug":"chambre-familiale","status":"publish","type":"page","link":"https:\/\/ascosa.corsica\/index.php\/chambre-familiale\/","title":{"rendered":"studio avec kitchnette 4 personnes"},"content":{"rendered":"<p>[et_pb_section fb_built=\u00a0\u00bb1&Prime; fullwidth=\u00a0\u00bbon\u00a0\u00bb _builder_version=\u00a0\u00bb4.23.1&Prime; hover_enabled=\u00a0\u00bb0&Prime; da_disable_devices=\u00a0\u00bboff|off|off\u00a0\u00bb global_colors_info=\u00a0\u00bb{}\u00a0\u00bb title_text=\u00a0\u00bbstudio 1&Prime; background_image=\u00a0\u00bbhttp:\/\/ascosa.corsica\/wp-content\/uploads\/2022\/03\/studio-1-scaled.jpg\u00a0\u00bb sticky_enabled=\u00a0\u00bb0&Prime; da_is_popup=\u00a0\u00bboff\u00a0\u00bb da_exit_intent=\u00a0\u00bboff\u00a0\u00bb da_has_close=\u00a0\u00bbon\u00a0\u00bb da_alt_close=\u00a0\u00bboff\u00a0\u00bb da_dark_close=\u00a0\u00bboff\u00a0\u00bb da_not_modal=\u00a0\u00bbon\u00a0\u00bb da_is_singular=\u00a0\u00bboff\u00a0\u00bb da_with_loader=\u00a0\u00bboff\u00a0\u00bb da_has_shadow=\u00a0\u00bbon\u00a0\u00bb][et_pb_fullwidth_header title=\u00a0\u00bbStudio 4 personnes avec kitchenette\u00a0\u00bb text_orientation=\u00a0\u00bbcenter\u00a0\u00bb header_fullscreen=\u00a0\u00bbon\u00a0\u00bb button_one_url=\u00a0\u00bbhttps:\/\/www.secure-direct-hotel-booking.com\/module_booking_engine\/index.php?id_etab=bc81febfeda548ec76f4ab4593609586&#038;langue=francais\u00a0\u00bb _builder_version=\u00a0\u00bb4.23.1&Prime; title_font=\u00a0\u00bbAbel|||on|||||\u00a0\u00bb title_font_size=\u00a0\u00bb44px\u00a0\u00bb subhead_font=\u00a0\u00bb|||on|||||\u00a0\u00bb subhead_font_size=\u00a0\u00bb20px\u00a0\u00bb parallax=\u00a0\u00bbon\u00a0\u00bb custom_button_one=\u00a0\u00bbon\u00a0\u00bb button_one_text_size=\u00a0\u00bb16px\u00a0\u00bb button_one_border_radius=\u00a0\u00bb0px\u00a0\u00bb child_filter_contrast=\u00a0\u00bb200%\u00a0\u00bb hover_enabled=\u00a0\u00bb0&Prime; custom_css_logo=\u00a0\u00bbwidth:20%;\u00a0\u00bb title_text_shadow_style=\u00a0\u00bbpreset1&Prime; title_text_shadow_horizontal_length=\u00a0\u00bb0.03em\u00a0\u00bb title_text_shadow_vertical_length=\u00a0\u00bb0.06em\u00a0\u00bb title_text_shadow_color=\u00a0\u00bbrgba(0,0,0,0.88)\u00a0\u00bb subhead_text_shadow_style=\u00a0\u00bbpreset1&Prime; subhead_text_shadow_vertical_length=\u00a0\u00bb0.08em\u00a0\u00bb subhead_text_shadow_color=\u00a0\u00bbrgba(0,0,0,0.9)\u00a0\u00bb button_one_text_shadow_style=\u00a0\u00bbpreset1&Prime; box_shadow_style_button_one=\u00a0\u00bbpreset2&Prime; box_shadow_horizontal_button_one=\u00a0\u00bb0px\u00a0\u00bb box_shadow_vertical_button_one=\u00a0\u00bb1px\u00a0\u00bb box_shadow_blur_button_one=\u00a0\u00bb7px\u00a0\u00bb global_colors_info=\u00a0\u00bb{}\u00a0\u00bb title_text=\u00a0\u00bbstudio 1&Prime; sticky_enabled=\u00a0\u00bb0&Prime; background_image=\u00a0\u00bbhttp:\/\/ascosa.corsica\/wp-content\/uploads\/2022\/03\/studio-1-scaled.jpg\u00a0\u00bb][\/et_pb_fullwidth_header][\/et_pb_section][et_pb_section fb_built=\u00a0\u00bb1&Prime; specialty=\u00a0\u00bbon\u00a0\u00bb _builder_version=\u00a0\u00bb4.16&Prime; max_width=\u00a0\u00bb82.4%\u00a0\u00bb module_alignment=\u00a0\u00bbcenter\u00a0\u00bb inner_max_width=\u00a0\u00bb80%\u00a0\u00bb min_height=\u00a0\u00bb781.2px\u00a0\u00bb custom_padding=\u00a0\u00bb1px|0px|26px|0px|false|false\u00a0\u00bb da_disable_devices=\u00a0\u00bboff|off|off\u00a0\u00bb use_custom_width=\u00a0\u00bbon\u00a0\u00bb width_unit=\u00a0\u00bboff\u00a0\u00bb global_colors_info=\u00a0\u00bb{}\u00a0\u00bb da_is_popup=\u00a0\u00bboff\u00a0\u00bb da_exit_intent=\u00a0\u00bboff\u00a0\u00bb da_has_close=\u00a0\u00bbon\u00a0\u00bb da_alt_close=\u00a0\u00bboff\u00a0\u00bb da_dark_close=\u00a0\u00bboff\u00a0\u00bb da_not_modal=\u00a0\u00bbon\u00a0\u00bb da_is_singular=\u00a0\u00bboff\u00a0\u00bb da_with_loader=\u00a0\u00bboff\u00a0\u00bb da_has_shadow=\u00a0\u00bbon\u00a0\u00bb][et_pb_column type=\u00a0\u00bb1_2&Prime; specialty_columns=\u00a0\u00bb2&Prime; _builder_version=\u00a0\u00bb4.16&Prime; custom_padding=\u00a0\u00bb|||\u00a0\u00bb global_colors_info=\u00a0\u00bb{}\u00a0\u00bb parallax__hover=\u00a0\u00bboff\u00a0\u00bb parallax_method__hover=\u00a0\u00bbon\u00a0\u00bb custom_padding__hover=\u00a0\u00bb|||\u00a0\u00bb][et_pb_row_inner _builder_version=\u00a0\u00bb4.16&Prime; custom_padding=\u00a0\u00bb29.6875px|0px|0|0px|false|false\u00a0\u00bb global_colors_info=\u00a0\u00bb{}\u00a0\u00bb][et_pb_column_inner saved_specialty_column_type=\u00a0\u00bb1_2&Prime; _builder_version=\u00a0\u00bb4.16&Prime; custom_padding=\u00a0\u00bb|||\u00a0\u00bb global_colors_info=\u00a0\u00bb{}\u00a0\u00bb parallax__hover=\u00a0\u00bboff\u00a0\u00bb parallax_method__hover=\u00a0\u00bbon\u00a0\u00bb custom_padding__hover=\u00a0\u00bb|||\u00a0\u00bb][et_pb_text _builder_version=\u00a0\u00bb4.16&Prime; header_font=\u00a0\u00bb||||||||\u00a0\u00bb header_3_font=\u00a0\u00bbAbel|||on|||||\u00a0\u00bb header_3_letter_spacing=\u00a0\u00bb4px\u00a0\u00bb custom_margin=\u00a0\u00bb||0px\u00a0\u00bb global_colors_info=\u00a0\u00bb{}\u00a0\u00bb]<\/p>\n<h3>Descriptif du studio<\/h3>\n<p>[\/et_pb_text][\/et_pb_column_inner][\/et_pb_row_inner][et_pb_row_inner column_structure=\u00a0\u00bb1_2,1_2&Prime; make_equal=\u00a0\u00bbon\u00a0\u00bb _builder_version=\u00a0\u00bb4.16&Prime; custom_padding=\u00a0\u00bb2px|0px|0|0px|false|false\u00a0\u00bb global_colors_info=\u00a0\u00bb{}\u00a0\u00bb][et_pb_column_inner type=\u00a0\u00bb1_2&Prime; saved_specialty_column_type=\u00a0\u00bb1_2&Prime; _builder_version=\u00a0\u00bb4.16&Prime; custom_padding=\u00a0\u00bb|||\u00a0\u00bb global_colors_info=\u00a0\u00bb{}\u00a0\u00bb parallax__hover=\u00a0\u00bboff\u00a0\u00bb parallax_method__hover=\u00a0\u00bbon\u00a0\u00bb custom_padding__hover=\u00a0\u00bb|||\u00a0\u00bb][et_pb_text _builder_version=\u00a0\u00bb4.23.1&Prime; header_font=\u00a0\u00bb||||||||\u00a0\u00bb header_4_font=\u00a0\u00bbAbel|||on|||||\u00a0\u00bb header_4_text_color=\u00a0\u00bb#000000&Prime; header_4_font_size=\u00a0\u00bb20px\u00a0\u00bb header_5_font=\u00a0\u00bbAbel|||on|||||\u00a0\u00bb header_5_text_color=\u00a0\u00bb#b2b2b2&Prime; header_5_font_size=\u00a0\u00bb20px\u00a0\u00bb header_5_line_height=\u00a0\u00bb1.5em\u00a0\u00bb header_6_font=\u00a0\u00bbAbel|||on|||||\u00a0\u00bb header_6_text_color=\u00a0\u00bb#c1c1c1&Prime; header_6_font_size=\u00a0\u00bb16px\u00a0\u00bb global_colors_info=\u00a0\u00bb{}\u00a0\u00bb]<\/p>\n<ul>\n<li>Superficie de 30m2<\/li>\n<li>2 Lits \u201cqueen size\u00a0\u00bb (180 x 200cm)\u00a0<\/li>\n<li>Matelas haut-de-gamme<\/li>\n<li>Salle de douche a\u0300 l\u2019italienne avec wc<\/li>\n<\/ul>\n<p>&nbsp;<\/p>\n<p>[\/et_pb_text][\/et_pb_column_inner][et_pb_column_inner type=\u00a0\u00bb1_2&Prime; saved_specialty_column_type=\u00a0\u00bb1_2&Prime; _builder_version=\u00a0\u00bb4.16&Prime; custom_padding=\u00a0\u00bb|||\u00a0\u00bb global_colors_info=\u00a0\u00bb{}\u00a0\u00bb parallax__hover=\u00a0\u00bboff\u00a0\u00bb parallax_method__hover=\u00a0\u00bbon\u00a0\u00bb custom_padding__hover=\u00a0\u00bb|||\u00a0\u00bb][et_pb_text _builder_version=\u00a0\u00bb4.23.1&Prime; header_font=\u00a0\u00bb||||||||\u00a0\u00bb header_4_font=\u00a0\u00bbAbel|||on|||||\u00a0\u00bb header_4_text_color=\u00a0\u00bb#000000&Prime; header_4_font_size=\u00a0\u00bb20px\u00a0\u00bb header_5_font=\u00a0\u00bbAbel|||on|||||\u00a0\u00bb header_5_text_color=\u00a0\u00bb#b2b2b2&Prime; header_5_font_size=\u00a0\u00bb20px\u00a0\u00bb header_5_line_height=\u00a0\u00bb1.5em\u00a0\u00bb header_6_font=\u00a0\u00bbAbel|||on|||||\u00a0\u00bb header_6_text_color=\u00a0\u00bb#c1c1c1&Prime; header_6_font_size=\u00a0\u00bb16px\u00a0\u00bb global_colors_info=\u00a0\u00bb{}\u00a0\u00bb]<\/p>\n<ul>\n<li>Serviettes et tapis de douche<\/li>\n<li><span>Savon et shampooing\u00a0<\/span><\/li>\n<li><span>TV e\u0301cran plasma<\/span><\/li>\n<li><span>Terrasse privative ombrage\u0301e avec fauteuils et table basse<\/span><\/li>\n<li>Une kichenette avec vaisselle et couvert<\/li>\n<li>bouilloire, machine \u00e0 caf\u00e9 \u00a0Nespresso<\/li>\n<\/ul>\n<p><span><\/span><\/p>\n<p>[\/et_pb_text][\/et_pb_column_inner][\/et_pb_row_inner][et_pb_row_inner _builder_version=\u00a0\u00bb4.16&Prime; custom_padding=\u00a0\u00bb6px|0px|0|0px|false|false\u00a0\u00bb global_colors_info=\u00a0\u00bb{}\u00a0\u00bb][et_pb_column_inner saved_specialty_column_type=\u00a0\u00bb1_2&Prime; _builder_version=\u00a0\u00bb4.16&Prime; custom_padding=\u00a0\u00bb|||\u00a0\u00bb global_colors_info=\u00a0\u00bb{}\u00a0\u00bb parallax__hover=\u00a0\u00bboff\u00a0\u00bb parallax_method__hover=\u00a0\u00bbon\u00a0\u00bb custom_padding__hover=\u00a0\u00bb|||\u00a0\u00bb][et_pb_text _builder_version=\u00a0\u00bb4.16&Prime; header_font=\u00a0\u00bb||||||||\u00a0\u00bb header_3_font=\u00a0\u00bbAbel|||on|||||\u00a0\u00bb header_3_letter_spacing=\u00a0\u00bb4px\u00a0\u00bb custom_margin=\u00a0\u00bb||3px|||\u00a0\u00bb global_colors_info=\u00a0\u00bb{}\u00a0\u00bb]<\/p>\n<h3>\u00c9quipements et services<\/h3>\n<p>[\/et_pb_text][\/et_pb_column_inner][\/et_pb_row_inner][et_pb_row_inner make_equal=\u00a0\u00bbon\u00a0\u00bb _builder_version=\u00a0\u00bb4.16&Prime; custom_padding=\u00a0\u00bb0px|0px|0|15px|false|false\u00a0\u00bb global_colors_info=\u00a0\u00bb{}\u00a0\u00bb][et_pb_column_inner saved_specialty_column_type=\u00a0\u00bb1_2&Prime; _builder_version=\u00a0\u00bb4.16&Prime; custom_padding=\u00a0\u00bb|||\u00a0\u00bb global_colors_info=\u00a0\u00bb{}\u00a0\u00bb parallax__hover=\u00a0\u00bboff\u00a0\u00bb parallax_method__hover=\u00a0\u00bbon\u00a0\u00bb custom_padding__hover=\u00a0\u00bb|||\u00a0\u00bb][et_pb_text content_last_edited=\u00a0\u00bboff|desktop\u00a0\u00bb _builder_version=\u00a0\u00bb4.16&Prime; header_4_font=\u00a0\u00bbAbel|||on|||||\u00a0\u00bb header_4_text_color=\u00a0\u00bb#000000&Prime; header_4_font_size=\u00a0\u00bb20px\u00a0\u00bb header_5_font=\u00a0\u00bbAbel||||||||\u00a0\u00bb header_5_text_color=\u00a0\u00bb#000000&Prime; header_5_font_size=\u00a0\u00bb18px\u00a0\u00bb header_5_line_height=\u00a0\u00bb1.5em\u00a0\u00bb header_6_font=\u00a0\u00bbAbel|||on|||||\u00a0\u00bb header_6_text_color=\u00a0\u00bb#c1c1c1&Prime; header_6_font_size=\u00a0\u00bb16px\u00a0\u00bb width=\u00a0\u00bb100%\u00a0\u00bb global_colors_info=\u00a0\u00bb{}\u00a0\u00bb]<\/p>\n<div class=\"page\" title=\"Page 2\">\n<div class=\"section\">\n<div class=\"layoutArea\">\n<div class=\"column\">\n<p><span color=\"#000000\" face=\"Abel, Helvetica, Arial, Lucida, sans-serif\" size=\"4\" style=\"color: #000000; font-family: Abel, Helvetica, Arial, Lucida, sans-serif; font-size: large;\"><span style=\"caret-color: #000000;\">Vos repas sur place<\/span><\/span><\/p>\n<p>Une kitchenette est am\u00e9nag\u00e9e dans le studio avec vaiselle, couverts, \u00e9vier, plaques de cuisson, r\u00e9frig\u00e9rateur, cafeti\u00e8re Nespresso, bouilloire&#8230;<\/p>\n<p><span style=\"color: #000000; font-family: Abel, Helvetica, Arial, Lucida, sans-serif; font-size: 18px;\">Restauration<\/span><\/p>\n<p>L\u2019e\u0301tablissement ne posse\u0300de pas de restaurant. Les restaurateurs de Ponte-Leccia et de la re\u0301gion vous proposent un large choix de cuisine corse et me\u0301diterrane\u0301enne, pizzerias, snacks&#8230;<\/p>\n<p><span style=\"color: #000000; font-family: Abel, Helvetica, Arial, Lucida, sans-serif; font-size: 18px;\">Lit b\u00e9b\u00e9<\/span><\/p>\n<\/div>\n<\/div>\n<\/div>\n<\/div>\n<div class=\"page\" title=\"Page 3\">\n<div class=\"section\">\n<div class=\"layoutArea\">\n<div class=\"column\">\n<p>Pour le confort des tout-petits, nous mettons a\u0300 disposition de notre cliente\u0300le un lit be\u0301be\u0301 parapluie (service offert, sur demande et sous re\u0301serve de disponibilite\u0301). Merci de vous renseigner aupre\u0300s de notre e\u0301quipe.<\/p>\n<p><span style=\"font-size: 14px;\"><strong><span style=\"font-family: inherit;\">Piscine ext\u00e9rieure<br \/><\/span><\/strong>Vous avez un acce\u0300s illimite\u0301 et gratuit a\u0300 la piscine exte\u0301rieure et aux transats en dehors des heures de traitement de l&rsquo;eau . Pour profiter de la mi-saison, la piscine est chauffe\u0301e !<\/span><\/p>\n<p><span style=\"font-size: 14px;\"><b>Borne de rechargement pour voiture \u00e9lectrique<\/b><br \/><span>Une borne de rechargement pour les voitures \u00e9lectriques est \u00e0 votre disposition sur le parking de l\u2019h\u00f4tel (service payant).<\/span><\/span><\/p>\n<\/div>\n<\/div>\n<\/div>\n<\/div>\n<p>[\/et_pb_text][\/et_pb_column_inner][\/et_pb_row_inner][\/et_pb_column][et_pb_column type=\u00a0\u00bb1_2&Prime; _builder_version=\u00a0\u00bb4.16&Prime; custom_padding=\u00a0\u00bb|||\u00a0\u00bb global_colors_info=\u00a0\u00bb{}\u00a0\u00bb parallax__hover=\u00a0\u00bboff\u00a0\u00bb parallax_method__hover=\u00a0\u00bbon\u00a0\u00bb custom_padding__hover=\u00a0\u00bb|||\u00a0\u00bb][et_pb_image src=\u00a0\u00bbhttp:\/\/ascosa.corsica\/wp-content\/uploads\/2022\/03\/studio-4-scaled.jpg\u00a0\u00bb title_text=\u00a0\u00bbstudio 4&Prime; align_tablet=\u00a0\u00bbcenter\u00a0\u00bb align_phone=\u00a0\u00bb\u00a0\u00bb align_last_edited=\u00a0\u00bbon|desktop\u00a0\u00bb _builder_version=\u00a0\u00bb4.16&Prime; min_height=\u00a0\u00bb288px\u00a0\u00bb global_colors_info=\u00a0\u00bb{}\u00a0\u00bb][\/et_pb_image][et_pb_image src=\u00a0\u00bbhttp:\/\/ascosa.corsica\/wp-content\/uploads\/2022\/03\/studio-2&#8211;scaled.jpg\u00a0\u00bb title_text=\u00a0\u00bbstudio 2&Prime; align_tablet=\u00a0\u00bbcenter\u00a0\u00bb align_phone=\u00a0\u00bb\u00a0\u00bb align_last_edited=\u00a0\u00bbon|desktop\u00a0\u00bb _builder_version=\u00a0\u00bb4.16&Prime; width=\u00a0\u00bb77.3%\u00a0\u00bb min_height=\u00a0\u00bb288px\u00a0\u00bb custom_margin=\u00a0\u00bb|58px||||\u00a0\u00bb global_colors_info=\u00a0\u00bb{}\u00a0\u00bb][\/et_pb_image][\/et_pb_column][\/et_pb_section][et_pb_section fb_built=\u00a0\u00bb1&Prime; specialty=\u00a0\u00bbon\u00a0\u00bb _builder_version=\u00a0\u00bb4.16&Prime; max_width=\u00a0\u00bb82.4%\u00a0\u00bb module_alignment=\u00a0\u00bbcenter\u00a0\u00bb inner_max_width=\u00a0\u00bb80%\u00a0\u00bb min_height=\u00a0\u00bb781.2px\u00a0\u00bb custom_padding=\u00a0\u00bb1px|0px|26px|0px|false|false\u00a0\u00bb da_disable_devices=\u00a0\u00bboff|off|off\u00a0\u00bb use_custom_width=\u00a0\u00bbon\u00a0\u00bb width_unit=\u00a0\u00bboff\u00a0\u00bb global_colors_info=\u00a0\u00bb{}\u00a0\u00bb da_is_popup=\u00a0\u00bboff\u00a0\u00bb da_exit_intent=\u00a0\u00bboff\u00a0\u00bb da_has_close=\u00a0\u00bbon\u00a0\u00bb da_alt_close=\u00a0\u00bboff\u00a0\u00bb da_dark_close=\u00a0\u00bboff\u00a0\u00bb da_not_modal=\u00a0\u00bbon\u00a0\u00bb da_is_singular=\u00a0\u00bboff\u00a0\u00bb da_with_loader=\u00a0\u00bboff\u00a0\u00bb da_has_shadow=\u00a0\u00bbon\u00a0\u00bb][et_pb_column type=\u00a0\u00bb1_2&Prime; specialty_columns=\u00a0\u00bb2&Prime; _builder_version=\u00a0\u00bb4.16&Prime; custom_padding=\u00a0\u00bb|||\u00a0\u00bb global_colors_info=\u00a0\u00bb{}\u00a0\u00bb parallax__hover=\u00a0\u00bboff\u00a0\u00bb parallax_method__hover=\u00a0\u00bbon\u00a0\u00bb custom_padding__hover=\u00a0\u00bb|||\u00a0\u00bb][et_pb_row_inner _builder_version=\u00a0\u00bb4.16&Prime; custom_padding=\u00a0\u00bb29.6875px|0px|0|0px|false|false\u00a0\u00bb global_colors_info=\u00a0\u00bb{}\u00a0\u00bb][et_pb_column_inner saved_specialty_column_type=\u00a0\u00bb1_2&Prime; _builder_version=\u00a0\u00bb4.16&Prime; custom_padding=\u00a0\u00bb|||\u00a0\u00bb global_colors_info=\u00a0\u00bb{}\u00a0\u00bb parallax__hover=\u00a0\u00bboff\u00a0\u00bb parallax_method__hover=\u00a0\u00bbon\u00a0\u00bb custom_padding__hover=\u00a0\u00bb|||\u00a0\u00bb][et_pb_text _builder_version=\u00a0\u00bb4.16&Prime; header_font=\u00a0\u00bb||||||||\u00a0\u00bb header_3_font=\u00a0\u00bbAbel|||on|||||\u00a0\u00bb header_3_letter_spacing=\u00a0\u00bb4px\u00a0\u00bb custom_margin=\u00a0\u00bb||0px\u00a0\u00bb global_colors_info=\u00a0\u00bb{}\u00a0\u00bb]<\/p>\n<h3>Descriptif du studio<\/h3>\n<p>[\/et_pb_text][\/et_pb_column_inner][\/et_pb_row_inner][et_pb_row_inner column_structure=\u00a0\u00bb1_2,1_2&Prime; make_equal=\u00a0\u00bbon\u00a0\u00bb _builder_version=\u00a0\u00bb4.16&Prime; custom_padding=\u00a0\u00bb2px|0px|0|0px|false|false\u00a0\u00bb global_colors_info=\u00a0\u00bb{}\u00a0\u00bb][et_pb_column_inner type=\u00a0\u00bb1_2&Prime; saved_specialty_column_type=\u00a0\u00bb1_2&Prime; _builder_version=\u00a0\u00bb4.16&Prime; custom_padding=\u00a0\u00bb|||\u00a0\u00bb global_colors_info=\u00a0\u00bb{}\u00a0\u00bb parallax__hover=\u00a0\u00bboff\u00a0\u00bb parallax_method__hover=\u00a0\u00bbon\u00a0\u00bb custom_padding__hover=\u00a0\u00bb|||\u00a0\u00bb][et_pb_text _builder_version=\u00a0\u00bb4.23.1&Prime; header_font=\u00a0\u00bb||||||||\u00a0\u00bb header_4_font=\u00a0\u00bbAbel|||on|||||\u00a0\u00bb header_4_text_color=\u00a0\u00bb#000000&Prime; header_4_font_size=\u00a0\u00bb20px\u00a0\u00bb header_5_font=\u00a0\u00bbAbel|||on|||||\u00a0\u00bb header_5_text_color=\u00a0\u00bb#b2b2b2&Prime; header_5_font_size=\u00a0\u00bb20px\u00a0\u00bb header_5_line_height=\u00a0\u00bb1.5em\u00a0\u00bb header_6_font=\u00a0\u00bbAbel|||on|||||\u00a0\u00bb header_6_text_color=\u00a0\u00bb#c1c1c1&Prime; header_6_font_size=\u00a0\u00bb16px\u00a0\u00bb global_colors_info=\u00a0\u00bb{}\u00a0\u00bb]<\/p>\n<ul>\n<li>Superficie de 30m2<\/li>\n<li>2 Lits \u201cqueen size\u00a0\u00bb (180 x 200cm)\u00a0<\/li>\n<li>Matelas haut-de-gamme<\/li>\n<li>Salle de douche a\u0300 l\u2019italienne avec wc<\/li>\n<\/ul>\n<p>&nbsp;<\/p>\n<p>[\/et_pb_text][\/et_pb_column_inner][et_pb_column_inner type=\u00a0\u00bb1_2&Prime; saved_specialty_column_type=\u00a0\u00bb1_2&Prime; _builder_version=\u00a0\u00bb4.16&Prime; custom_padding=\u00a0\u00bb|||\u00a0\u00bb global_colors_info=\u00a0\u00bb{}\u00a0\u00bb parallax__hover=\u00a0\u00bboff\u00a0\u00bb parallax_method__hover=\u00a0\u00bbon\u00a0\u00bb custom_padding__hover=\u00a0\u00bb|||\u00a0\u00bb][et_pb_text _builder_version=\u00a0\u00bb4.23.1&Prime; header_font=\u00a0\u00bb||||||||\u00a0\u00bb header_4_font=\u00a0\u00bbAbel|||on|||||\u00a0\u00bb header_4_text_color=\u00a0\u00bb#000000&Prime; header_4_font_size=\u00a0\u00bb20px\u00a0\u00bb header_5_font=\u00a0\u00bbAbel|||on|||||\u00a0\u00bb header_5_text_color=\u00a0\u00bb#b2b2b2&Prime; header_5_font_size=\u00a0\u00bb20px\u00a0\u00bb header_5_line_height=\u00a0\u00bb1.5em\u00a0\u00bb header_6_font=\u00a0\u00bbAbel|||on|||||\u00a0\u00bb header_6_text_color=\u00a0\u00bb#c1c1c1&Prime; header_6_font_size=\u00a0\u00bb16px\u00a0\u00bb global_colors_info=\u00a0\u00bb{}\u00a0\u00bb]<\/p>\n<ul>\n<li>Serviettes et tapis de douche<\/li>\n<li><span>Savon et shampooing\u00a0<\/span><\/li>\n<li><span>TV e\u0301cran plasma<\/span><\/li>\n<li><span>Terrasse privative ombrage\u0301e avec fauteuils et table basse<\/span><\/li>\n<li>Une kichenette avec vaisselle et couvert<\/li>\n<li>bouilloire, machine \u00e0 caf\u00e9 \u00a0Nespresso<\/li>\n<\/ul>\n<p><span><\/span><\/p>\n<p>[\/et_pb_text][\/et_pb_column_inner][\/et_pb_row_inner][et_pb_row_inner _builder_version=\u00a0\u00bb4.16&Prime; custom_padding=\u00a0\u00bb6px|0px|0|0px|false|false\u00a0\u00bb global_colors_info=\u00a0\u00bb{}\u00a0\u00bb][et_pb_column_inner saved_specialty_column_type=\u00a0\u00bb1_2&Prime; _builder_version=\u00a0\u00bb4.16&Prime; custom_padding=\u00a0\u00bb|||\u00a0\u00bb global_colors_info=\u00a0\u00bb{}\u00a0\u00bb parallax__hover=\u00a0\u00bboff\u00a0\u00bb parallax_method__hover=\u00a0\u00bbon\u00a0\u00bb custom_padding__hover=\u00a0\u00bb|||\u00a0\u00bb][et_pb_text _builder_version=\u00a0\u00bb4.16&Prime; header_font=\u00a0\u00bb||||||||\u00a0\u00bb header_3_font=\u00a0\u00bbAbel|||on|||||\u00a0\u00bb header_3_letter_spacing=\u00a0\u00bb4px\u00a0\u00bb custom_margin=\u00a0\u00bb||3px|||\u00a0\u00bb global_colors_info=\u00a0\u00bb{}\u00a0\u00bb]<\/p>\n<h3>\u00c9quipements et services<\/h3>\n<p>[\/et_pb_text][\/et_pb_column_inner][\/et_pb_row_inner][et_pb_row_inner make_equal=\u00a0\u00bbon\u00a0\u00bb _builder_version=\u00a0\u00bb4.16&Prime; custom_padding=\u00a0\u00bb0px|0px|0|15px|false|false\u00a0\u00bb global_colors_info=\u00a0\u00bb{}\u00a0\u00bb][et_pb_column_inner saved_specialty_column_type=\u00a0\u00bb1_2&Prime; _builder_version=\u00a0\u00bb4.16&Prime; custom_padding=\u00a0\u00bb|||\u00a0\u00bb global_colors_info=\u00a0\u00bb{}\u00a0\u00bb parallax__hover=\u00a0\u00bboff\u00a0\u00bb parallax_method__hover=\u00a0\u00bbon\u00a0\u00bb custom_padding__hover=\u00a0\u00bb|||\u00a0\u00bb][et_pb_text content_last_edited=\u00a0\u00bboff|desktop\u00a0\u00bb _builder_version=\u00a0\u00bb4.16&Prime; header_4_font=\u00a0\u00bbAbel|||on|||||\u00a0\u00bb header_4_text_color=\u00a0\u00bb#000000&Prime; header_4_font_size=\u00a0\u00bb20px\u00a0\u00bb header_5_font=\u00a0\u00bbAbel||||||||\u00a0\u00bb header_5_text_color=\u00a0\u00bb#000000&Prime; header_5_font_size=\u00a0\u00bb18px\u00a0\u00bb header_5_line_height=\u00a0\u00bb1.5em\u00a0\u00bb header_6_font=\u00a0\u00bbAbel|||on|||||\u00a0\u00bb header_6_text_color=\u00a0\u00bb#c1c1c1&Prime; header_6_font_size=\u00a0\u00bb16px\u00a0\u00bb width=\u00a0\u00bb100%\u00a0\u00bb global_colors_info=\u00a0\u00bb{}\u00a0\u00bb]<\/p>\n<div class=\"page\" title=\"Page 2\">\n<div class=\"section\">\n<div class=\"layoutArea\">\n<div class=\"column\">\n<p><span color=\"#000000\" face=\"Abel, Helvetica, Arial, Lucida, sans-serif\" size=\"4\" style=\"color: #000000; font-family: Abel, Helvetica, Arial, Lucida, sans-serif; font-size: large;\"><span style=\"caret-color: #000000;\">Vos repas sur place<\/span><\/span><\/p>\n<p>Une kitchenette est am\u00e9nag\u00e9e dans le studio avec vaiselle, couverts, \u00e9vier, plaques de cuisson, r\u00e9frig\u00e9rateur, cafeti\u00e8re Nespresso, bouilloire&#8230;<\/p>\n<p><span style=\"color: #000000; font-family: Abel, Helvetica, Arial, Lucida, sans-serif; font-size: 18px;\">Restauration<\/span><\/p>\n<p>L\u2019e\u0301tablissement ne posse\u0300de pas de restaurant. Les restaurateurs de Ponte-Leccia et de la re\u0301gion vous proposent un large choix de cuisine corse et me\u0301diterrane\u0301enne, pizzerias, snacks&#8230;<\/p>\n<p><span style=\"color: #000000; font-family: Abel, Helvetica, Arial, Lucida, sans-serif; font-size: 18px;\">Lit b\u00e9b\u00e9<\/span><\/p>\n<\/div>\n<\/div>\n<\/div>\n<\/div>\n<div class=\"page\" title=\"Page 3\">\n<div class=\"section\">\n<div class=\"layoutArea\">\n<div class=\"column\">\n<p>Pour le confort des tout-petits, nous mettons a\u0300 disposition de notre cliente\u0300le un lit be\u0301be\u0301 parapluie (service offert, sur demande et sous re\u0301serve de disponibilite\u0301). Merci de vous renseigner aupre\u0300s de notre e\u0301quipe.<\/p>\n<p><span style=\"font-size: 14px;\"><strong><span style=\"font-family: inherit;\">Piscine ext\u00e9rieure<br \/><\/span><\/strong>Vous avez un acce\u0300s illimite\u0301 et gratuit a\u0300 la piscine exte\u0301rieure et aux transats en dehors des heures de traitement de l&rsquo;eau . Pour profiter de la mi-saison, la piscine est chauffe\u0301e !<\/span><\/p>\n<p><span style=\"font-size: 14px;\"><b>Borne de rechargement pour voiture \u00e9lectrique<\/b><br \/><span>Une borne de rechargement pour les voitures \u00e9lectriques est \u00e0 votre disposition sur le parking de l\u2019h\u00f4tel (service payant).<\/span><\/span><\/p>\n<\/div>\n<\/div>\n<\/div>\n<\/div>\n<p>[\/et_pb_text][\/et_pb_column_inner][\/et_pb_row_inner][\/et_pb_column][et_pb_column type=\u00a0\u00bb1_2&Prime; _builder_version=\u00a0\u00bb4.16&Prime; custom_padding=\u00a0\u00bb|||\u00a0\u00bb global_colors_info=\u00a0\u00bb{}\u00a0\u00bb parallax__hover=\u00a0\u00bboff\u00a0\u00bb parallax_method__hover=\u00a0\u00bbon\u00a0\u00bb custom_padding__hover=\u00a0\u00bb|||\u00a0\u00bb][et_pb_image src=\u00a0\u00bbhttp:\/\/ascosa.corsica\/wp-content\/uploads\/2022\/03\/studio-4-scaled.jpg\u00a0\u00bb title_text=\u00a0\u00bbstudio 4&Prime; align_tablet=\u00a0\u00bbcenter\u00a0\u00bb align_phone=\u00a0\u00bb\u00a0\u00bb align_last_edited=\u00a0\u00bbon|desktop\u00a0\u00bb _builder_version=\u00a0\u00bb4.16&Prime; min_height=\u00a0\u00bb288px\u00a0\u00bb global_colors_info=\u00a0\u00bb{}\u00a0\u00bb][\/et_pb_image][et_pb_image src=\u00a0\u00bbhttp:\/\/ascosa.corsica\/wp-content\/uploads\/2022\/03\/studio-2&#8211;scaled.jpg\u00a0\u00bb title_text=\u00a0\u00bbstudio 2&Prime; align_tablet=\u00a0\u00bbcenter\u00a0\u00bb align_phone=\u00a0\u00bb\u00a0\u00bb align_last_edited=\u00a0\u00bbon|desktop\u00a0\u00bb _builder_version=\u00a0\u00bb4.16&Prime; width=\u00a0\u00bb77.3%\u00a0\u00bb min_height=\u00a0\u00bb288px\u00a0\u00bb custom_margin=\u00a0\u00bb|58px||||\u00a0\u00bb global_colors_info=\u00a0\u00bb{}\u00a0\u00bb][\/et_pb_image][\/et_pb_column][\/et_pb_section]<\/p>\n","protected":false},"excerpt":{"rendered":"<p>Descriptif du studio Superficie de 30m2 2 Lits \u201cqueen size\u00a0\u00bb (180 x 200cm)\u00a0 Matelas haut-de-gamme Salle de douche a\u0300 l\u2019italienne avec wc &nbsp; Serviettes et tapis de douche Savon et shampooing\u00a0 TV e\u0301cran plasma Terrasse privative ombrage\u0301e avec fauteuils et table basse Une kichenette avec vaisselle et couvert bouilloire, machine \u00e0 caf\u00e9 \u00a0Nespresso \u00c9quipements et [&hellip;]<\/p>\n","protected":false},"author":1,"featured_media":0,"parent":0,"menu_order":0,"comment_status":"closed","ping_status":"closed","template":"","meta":{"_et_pb_use_builder":"on","_et_pb_old_content":"","_et_gb_content_width":"","footnotes":""},"class_list":["post-79","page","type-page","status-publish","hentry"],"_links":{"self":[{"href":"https:\/\/ascosa.corsica\/index.php\/wp-json\/wp\/v2\/pages\/79","targetHints":{"allow":["GET"]}}],"collection":[{"href":"https:\/\/ascosa.corsica\/index.php\/wp-json\/wp\/v2\/pages"}],"about":[{"href":"https:\/\/ascosa.corsica\/index.php\/wp-json\/wp\/v2\/types\/page"}],"author":[{"embeddable":true,"href":"https:\/\/ascosa.corsica\/index.php\/wp-json\/wp\/v2\/users\/1"}],"replies":[{"embeddable":true,"href":"https:\/\/ascosa.corsica\/index.php\/wp-json\/wp\/v2\/comments?post=79"}],"version-history":[{"count":31,"href":"https:\/\/ascosa.corsica\/index.php\/wp-json\/wp\/v2\/pages\/79\/revisions"}],"predecessor-version":[{"id":1765,"href":"https:\/\/ascosa.corsica\/index.php\/wp-json\/wp\/v2\/pages\/79\/revisions\/1765"}],"wp:attachment":[{"href":"https:\/\/ascosa.corsica\/index.php\/wp-json\/wp\/v2\/media?parent=79"}],"curies":[{"name":"wp","href":"https:\/\/api.w.org\/{rel}","templated":true}]}}