{"id":59,"date":"2019-01-14T17:19:30","date_gmt":"2019-01-14T16:19:30","guid":{"rendered":"http:\/\/ascosa.corsica\/?page_id=59"},"modified":"2022-07-13T11:38:06","modified_gmt":"2022-07-13T09:38:06","slug":"chambres-twin","status":"publish","type":"page","link":"https:\/\/ascosa.corsica\/index.php\/chambres-twin\/","title":{"rendered":"Chambres twin"},"content":{"rendered":"<p>[et_pb_section fb_built=\u00a0\u00bb1&Prime; fullwidth=\u00a0\u00bbon\u00a0\u00bb _builder_version=\u00a0\u00bb3.22&Prime; da_disable_devices=\u00a0\u00bboff|off|off\u00a0\u00bb da_is_popup=\u00a0\u00bboff\u00a0\u00bb da_exit_intent=\u00a0\u00bboff\u00a0\u00bb da_has_close=\u00a0\u00bbon\u00a0\u00bb da_alt_close=\u00a0\u00bboff\u00a0\u00bb da_dark_close=\u00a0\u00bboff\u00a0\u00bb da_not_modal=\u00a0\u00bbon\u00a0\u00bb da_is_singular=\u00a0\u00bboff\u00a0\u00bb da_with_loader=\u00a0\u00bboff\u00a0\u00bb da_has_shadow=\u00a0\u00bbon\u00a0\u00bb][et_pb_fullwidth_header title=\u00a0\u00bbChambres twin\u00a0\u00bb subhead=\u00a0\u00bbVue jardin et maquis\u00a0\u00bb text_orientation=\u00a0\u00bbcenter\u00a0\u00bb header_fullscreen=\u00a0\u00bbon\u00a0\u00bb button_one_url=\u00a0\u00bbhttps:\/\/www.secure-direct-hotel-booking.com\/module_booking_engine\/index.php?id_etab=bc81febfeda548ec76f4ab4593609586&#038;langue=francais\u00a0\u00bb _builder_version=\u00a0\u00bb3.19.4&Prime; title_font=\u00a0\u00bbAbel|||on|||||\u00a0\u00bb title_font_size=\u00a0\u00bb44px\u00a0\u00bb subhead_font=\u00a0\u00bb|||on|||||\u00a0\u00bb subhead_font_size=\u00a0\u00bb20px\u00a0\u00bb background_image=\u00a0\u00bbhttp:\/\/ascosa.corsica\/wp-content\/uploads\/2019\/01\/Chambre61-cover.jpg\u00a0\u00bb parallax=\u00a0\u00bbon\u00a0\u00bb custom_button_one=\u00a0\u00bbon\u00a0\u00bb button_one_text_size=\u00a0\u00bb16px\u00a0\u00bb button_one_border_radius=\u00a0\u00bb0px\u00a0\u00bb child_filter_contrast=\u00a0\u00bb200%\u00a0\u00bb custom_css_logo=\u00a0\u00bbwidth:20%;\u00a0\u00bb title_text_shadow_style=\u00a0\u00bbpreset1&Prime; title_text_shadow_horizontal_length=\u00a0\u00bb0.03em\u00a0\u00bb title_text_shadow_vertical_length=\u00a0\u00bb0.06em\u00a0\u00bb title_text_shadow_color=\u00a0\u00bbrgba(0,0,0,0.88)\u00a0\u00bb subhead_text_shadow_style=\u00a0\u00bbpreset1&Prime; subhead_text_shadow_vertical_length=\u00a0\u00bb0.08em\u00a0\u00bb subhead_text_shadow_color=\u00a0\u00bbrgba(0,0,0,0.9)\u00a0\u00bb button_one_text_shadow_style=\u00a0\u00bbpreset1&Prime; box_shadow_style_button_one=\u00a0\u00bbpreset2&Prime; box_shadow_horizontal_button_one=\u00a0\u00bb0px\u00a0\u00bb box_shadow_vertical_button_one=\u00a0\u00bb1px\u00a0\u00bb box_shadow_blur_button_one=\u00a0\u00bb7px\u00a0\u00bb][\/et_pb_fullwidth_header][\/et_pb_section][et_pb_section fb_built=\u00a0\u00bb1&Prime; specialty=\u00a0\u00bbon\u00a0\u00bb _builder_version=\u00a0\u00bb3.22&Prime; inner_max_width=\u00a0\u00bb80%\u00a0\u00bb custom_padding=\u00a0\u00bb1px|0px|26px|0px|false|false\u00a0\u00bb da_disable_devices=\u00a0\u00bboff|off|off\u00a0\u00bb use_custom_width=\u00a0\u00bbon\u00a0\u00bb width_unit=\u00a0\u00bboff\u00a0\u00bb da_is_popup=\u00a0\u00bboff\u00a0\u00bb da_exit_intent=\u00a0\u00bboff\u00a0\u00bb da_has_close=\u00a0\u00bbon\u00a0\u00bb da_alt_close=\u00a0\u00bboff\u00a0\u00bb da_dark_close=\u00a0\u00bboff\u00a0\u00bb da_not_modal=\u00a0\u00bbon\u00a0\u00bb da_is_singular=\u00a0\u00bboff\u00a0\u00bb da_with_loader=\u00a0\u00bboff\u00a0\u00bb da_has_shadow=\u00a0\u00bbon\u00a0\u00bb][et_pb_column type=\u00a0\u00bb1_2&Prime; specialty_columns=\u00a0\u00bb2&Prime; _builder_version=\u00a0\u00bb3.25&Prime; custom_padding=\u00a0\u00bb|||\u00a0\u00bb parallax__hover=\u00a0\u00bboff\u00a0\u00bb parallax_method__hover=\u00a0\u00bbon\u00a0\u00bb custom_padding__hover=\u00a0\u00bb|||\u00a0\u00bb][et_pb_row_inner _builder_version=\u00a0\u00bb3.25&Prime; custom_padding=\u00a0\u00bb29.6875px|0px|0|0px|false|false\u00a0\u00bb][et_pb_column_inner saved_specialty_column_type=\u00a0\u00bb1_2&Prime; _builder_version=\u00a0\u00bb3.25&Prime; custom_padding=\u00a0\u00bb|||\u00a0\u00bb parallax__hover=\u00a0\u00bboff\u00a0\u00bb parallax_method__hover=\u00a0\u00bbon\u00a0\u00bb custom_padding__hover=\u00a0\u00bb|||\u00a0\u00bb][et_pb_text _builder_version=\u00a0\u00bb3.27.4&Prime; header_font=\u00a0\u00bb||||||||\u00a0\u00bb header_3_font=\u00a0\u00bbAbel|||on|||||\u00a0\u00bb header_3_letter_spacing=\u00a0\u00bb4px\u00a0\u00bb custom_margin=\u00a0\u00bb||0px\u00a0\u00bb]<\/p>\n<h3>Descriptif de la chambre<\/h3>\n<p>[\/et_pb_text][\/et_pb_column_inner][\/et_pb_row_inner][et_pb_row_inner column_structure=\u00a0\u00bb1_2,1_2&Prime; make_equal=\u00a0\u00bbon\u00a0\u00bb _builder_version=\u00a0\u00bb3.25&Prime; custom_padding=\u00a0\u00bb2px|0px|0|0px|false|false\u00a0\u00bb][et_pb_column_inner type=\u00a0\u00bb1_2&Prime; saved_specialty_column_type=\u00a0\u00bb1_2&Prime; _builder_version=\u00a0\u00bb3.25&Prime; custom_padding=\u00a0\u00bb|||\u00a0\u00bb parallax__hover=\u00a0\u00bboff\u00a0\u00bb parallax_method__hover=\u00a0\u00bbon\u00a0\u00bb custom_padding__hover=\u00a0\u00bb|||\u00a0\u00bb][et_pb_text _builder_version=\u00a0\u00bb3.27.4&Prime; header_font=\u00a0\u00bb||||||||\u00a0\u00bb header_4_font=\u00a0\u00bbAbel|||on|||||\u00a0\u00bb header_4_text_color=\u00a0\u00bb#000000&Prime; header_4_font_size=\u00a0\u00bb20px\u00a0\u00bb header_5_font=\u00a0\u00bbAbel|||on|||||\u00a0\u00bb header_5_text_color=\u00a0\u00bb#b2b2b2&Prime; header_5_font_size=\u00a0\u00bb20px\u00a0\u00bb header_5_line_height=\u00a0\u00bb1.5em\u00a0\u00bb header_6_font=\u00a0\u00bbAbel|||on|||||\u00a0\u00bb header_6_text_color=\u00a0\u00bb#c1c1c1&Prime; header_6_font_size=\u00a0\u00bb16px\u00a0\u00bb]<\/p>\n<h5><\/h5>\n<div class=\"page\" title=\"Page 2\">\n<div class=\"section\">\n<div class=\"layoutArea\">\n<div class=\"column\">\n<ul>\n<li><span>Superficie de 17 a\u0300 19m2<\/span><\/li>\n<li><span>2 lits simples (90 x 200cm)<\/span><\/li>\n<li><span>Matelas haut-de-gamme<\/span><\/li>\n<li><span>Salle de douche a\u0300 l\u2019italienne<\/span><\/li>\n<\/ul>\n<\/div>\n<\/div>\n<\/div>\n<\/div>\n<h6><span style=\"color: #000000; font-family: Abel, Helvetica, Arial, Lucida, sans-serif; font-size: 16px;\"><\/span><\/h6>\n<p>[\/et_pb_text][\/et_pb_column_inner][et_pb_column_inner type=\u00a0\u00bb1_2&Prime; saved_specialty_column_type=\u00a0\u00bb1_2&Prime; _builder_version=\u00a0\u00bb3.25&Prime; custom_padding=\u00a0\u00bb|||\u00a0\u00bb parallax__hover=\u00a0\u00bboff\u00a0\u00bb parallax_method__hover=\u00a0\u00bbon\u00a0\u00bb custom_padding__hover=\u00a0\u00bb|||\u00a0\u00bb][et_pb_text _builder_version=\u00a0\u00bb4.7.4&Prime; header_font=\u00a0\u00bb||||||||\u00a0\u00bb header_4_font=\u00a0\u00bbAbel|||on|||||\u00a0\u00bb header_4_text_color=\u00a0\u00bb#000000&Prime; header_4_font_size=\u00a0\u00bb20px\u00a0\u00bb header_5_font=\u00a0\u00bbAbel|||on|||||\u00a0\u00bb header_5_text_color=\u00a0\u00bb#b2b2b2&Prime; header_5_font_size=\u00a0\u00bb20px\u00a0\u00bb header_5_line_height=\u00a0\u00bb1.5em\u00a0\u00bb header_6_font=\u00a0\u00bbAbel|||on|||||\u00a0\u00bb header_6_text_color=\u00a0\u00bb#c1c1c1&Prime; header_6_font_size=\u00a0\u00bb16px\u00a0\u00bb]<\/p>\n<ul>\n<li>Serviettes et tapis de douche<\/li>\n<li><span>Savon et shampooing\u00a0<\/span><\/li>\n<li><span>TV e\u0301cran plasma<\/span><\/li>\n<li><span>Terrasse privative ombrage\u0301e<\/span><\/li>\n<\/ul>\n<p>[\/et_pb_text][\/et_pb_column_inner][\/et_pb_row_inner][et_pb_row_inner _builder_version=\u00a0\u00bb3.25&Prime; custom_padding=\u00a0\u00bb6px|0px|0|0px|false|false\u00a0\u00bb][et_pb_column_inner saved_specialty_column_type=\u00a0\u00bb1_2&Prime; _builder_version=\u00a0\u00bb3.25&Prime; custom_padding=\u00a0\u00bb|||\u00a0\u00bb parallax__hover=\u00a0\u00bboff\u00a0\u00bb parallax_method__hover=\u00a0\u00bbon\u00a0\u00bb custom_padding__hover=\u00a0\u00bb|||\u00a0\u00bb][et_pb_text _builder_version=\u00a0\u00bb3.27.4&Prime; header_font=\u00a0\u00bb||||||||\u00a0\u00bb header_3_font=\u00a0\u00bbAbel|||on|||||\u00a0\u00bb header_3_letter_spacing=\u00a0\u00bb4px\u00a0\u00bb custom_margin=\u00a0\u00bb||0px\u00a0\u00bb]<\/p>\n<h3>\u00c9quipements et services<\/h3>\n<p>[\/et_pb_text][\/et_pb_column_inner][\/et_pb_row_inner][et_pb_row_inner make_equal=\u00a0\u00bbon\u00a0\u00bb _builder_version=\u00a0\u00bb3.25&Prime; custom_padding=\u00a0\u00bb2px|0px|0|0px|false|false\u00a0\u00bb][et_pb_column_inner saved_specialty_column_type=\u00a0\u00bb1_2&Prime; _builder_version=\u00a0\u00bb3.25&Prime; custom_padding=\u00a0\u00bb|||\u00a0\u00bb parallax__hover=\u00a0\u00bboff\u00a0\u00bb parallax_method__hover=\u00a0\u00bbon\u00a0\u00bb custom_padding__hover=\u00a0\u00bb|||\u00a0\u00bb][et_pb_text _builder_version=\u00a0\u00bb4.7.4&Prime; header_font=\u00a0\u00bb||||||||\u00a0\u00bb header_4_font=\u00a0\u00bbAbel|||on|||||\u00a0\u00bb header_4_text_color=\u00a0\u00bb#000000&Prime; header_4_font_size=\u00a0\u00bb20px\u00a0\u00bb header_5_font=\u00a0\u00bbAbel||||||||\u00a0\u00bb header_5_text_color=\u00a0\u00bb#000000&Prime; header_5_font_size=\u00a0\u00bb18px\u00a0\u00bb header_5_line_height=\u00a0\u00bb1.5em\u00a0\u00bb header_6_font=\u00a0\u00bbAbel|||on|||||\u00a0\u00bb header_6_text_color=\u00a0\u00bb#c1c1c1&Prime; header_6_font_size=\u00a0\u00bb16px\u00a0\u00bb]<\/p>\n<div class=\"page\" title=\"Page 2\">\n<div class=\"section\">\n<div class=\"layoutArea\">\n<div class=\"column\">\n<p><span><strong>Petit-d\u00e9jeuners et repas sur place<\/strong><br \/> <\/span>Vous disposez d&rsquo;un acc\u00e8s 24\/24h \u00e0 l&rsquo;Ascosa Caf\u00e9. Cet espace conviviale met \u00e0 votre disposition un comptoir comprenant une machine \u00e0 caf\u00e9 (payant), un r\u00e9frig\u00e9rateur avec des rangements compartiment\u00e9s par chambre, un \u00e9vier avec point d&rsquo;eau, un micro-ondes.<\/p>\n<p><span><strong>Restauration<\/strong><br \/> <\/span><span>L\u2019e\u0301tablissement ne posse\u0300de pas de restaurant. Les restaurateurs de Ponte-Leccia et de la re\u0301gion vous proposent un large choix de cuisine corse et me\u0301diterrane\u0301enne, pizzerias, snacks&#8230;<\/span><\/p>\n<p><strong>Lit b\u00e9b\u00e9<\/strong><br \/> <span style=\"font-size: 16px;\">Pour le confort des tout-petits, nous mettons a\u0300 disposition de notre cliente\u0300le un lit be\u0301be\u0301 parapluie (service offert, sur demande et sous re\u0301serve de disponibilite\u0301). Merci de vous renseigner aupre\u0300s de notre e\u0301quipe.<\/span><\/p>\n<p><strong>Piscine ext\u00e9rieure<br \/><\/strong>Vous avez un acce\u0300s illimite\u0301 et gratuit a\u0300 la piscine exte\u0301rieure et aux transats durant ses heures d\u2019ouverture. Pour profiter de la mi-saison, la piscine est chauffe\u0301e !<\/p>\n<p>&nbsp;<\/p>\n<\/div>\n<\/div>\n<\/div>\n<\/div>\n<div class=\"page\" title=\"Page 3\">\n<div class=\"section\">\n<div class=\"layoutArea\">\n<div class=\"column\">\n<p><span><strong>Chambre accessible PMR<\/strong><br \/> <\/span><span>L\u2019ho\u0302tel Ascosa Aventure propose une chambre adapte\u0301e aux personnes a\u0300 mobilite\u0301 re\u0301duite.<\/span><\/p>\n<p><span><b>Borne de rechargement pour voiture \u00e9lectrique<\/b><br \/>Une borne de rechargement pour les voitures \u00e9lectriques est \u00e0 votre disposition sur le parking de l\u2019h\u00f4tel (service payant).<\/span><\/p>\n<\/div>\n<\/div>\n<\/div>\n<\/div>\n<p>[\/et_pb_text][\/et_pb_column_inner][\/et_pb_row_inner][\/et_pb_column][et_pb_column type=\u00a0\u00bb1_2&Prime; _builder_version=\u00a0\u00bb3.25&Prime; custom_padding=\u00a0\u00bb|||\u00a0\u00bb parallax__hover=\u00a0\u00bboff\u00a0\u00bb parallax_method__hover=\u00a0\u00bbon\u00a0\u00bb custom_padding__hover=\u00a0\u00bb|||\u00a0\u00bb][et_pb_image src=\u00a0\u00bbhttp:\/\/ascosa.corsica\/wp-content\/uploads\/2019\/01\/chambre6-1.jpg\u00a0\u00bb align_tablet=\u00a0\u00bbcenter\u00a0\u00bb align_phone=\u00a0\u00bb\u00a0\u00bb align_last_edited=\u00a0\u00bbon|desktop\u00a0\u00bb _builder_version=\u00a0\u00bb3.23&Prime;][\/et_pb_image][et_pb_image src=\u00a0\u00bbhttp:\/\/ascosa.corsica\/wp-content\/uploads\/2019\/01\/chambre62.jpg\u00a0\u00bb align_tablet=\u00a0\u00bbcenter\u00a0\u00bb align_phone=\u00a0\u00bb\u00a0\u00bb align_last_edited=\u00a0\u00bbon|desktop\u00a0\u00bb _builder_version=\u00a0\u00bb3.23&Prime;][\/et_pb_image][\/et_pb_column][\/et_pb_section]<\/p>\n","protected":false},"excerpt":{"rendered":"<p>Descriptif de la chambre Superficie de 17 a\u0300 19m2 2 lits simples (90 x 200cm) Matelas haut-de-gamme Salle de douche a\u0300 l\u2019italienne Serviettes et tapis de douche Savon et shampooing\u00a0 TV e\u0301cran plasma Terrasse privative ombrage\u0301e \u00c9quipements et services Petit-d\u00e9jeuners et repas sur place Vous disposez d&rsquo;un acc\u00e8s 24\/24h \u00e0 l&rsquo;Ascosa Caf\u00e9. Cet espace conviviale [&hellip;]<\/p>\n","protected":false},"author":1,"featured_media":0,"parent":0,"menu_order":0,"comment_status":"closed","ping_status":"closed","template":"","meta":{"_et_pb_use_builder":"on","_et_pb_old_content":"","_et_gb_content_width":"","footnotes":""},"class_list":["post-59","page","type-page","status-publish","hentry"],"_links":{"self":[{"href":"https:\/\/ascosa.corsica\/index.php\/wp-json\/wp\/v2\/pages\/59","targetHints":{"allow":["GET"]}}],"collection":[{"href":"https:\/\/ascosa.corsica\/index.php\/wp-json\/wp\/v2\/pages"}],"about":[{"href":"https:\/\/ascosa.corsica\/index.php\/wp-json\/wp\/v2\/types\/page"}],"author":[{"embeddable":true,"href":"https:\/\/ascosa.corsica\/index.php\/wp-json\/wp\/v2\/users\/1"}],"replies":[{"embeddable":true,"href":"https:\/\/ascosa.corsica\/index.php\/wp-json\/wp\/v2\/comments?post=59"}],"version-history":[{"count":15,"href":"https:\/\/ascosa.corsica\/index.php\/wp-json\/wp\/v2\/pages\/59\/revisions"}],"predecessor-version":[{"id":1688,"href":"https:\/\/ascosa.corsica\/index.php\/wp-json\/wp\/v2\/pages\/59\/revisions\/1688"}],"wp:attachment":[{"href":"https:\/\/ascosa.corsica\/index.php\/wp-json\/wp\/v2\/media?parent=59"}],"curies":[{"name":"wp","href":"https:\/\/api.w.org\/{rel}","templated":true}]}}