{"id":1031,"date":"2021-03-31T13:07:47","date_gmt":"2021-03-31T11:07:47","guid":{"rendered":"http:\/\/ascosa.corsica\/index.php\/farniente-copy\/"},"modified":"2021-12-02T12:47:52","modified_gmt":"2021-12-02T11:47:52","slug":"privatisation","status":"publish","type":"page","link":"https:\/\/ascosa.corsica\/index.php\/privatisation\/","title":{"rendered":"Privatisation de l&rsquo;h\u00f4tel"},"content":{"rendered":"<p>[et_pb_section fb_built=\u00a0\u00bb1&Prime; admin_label=\u00a0\u00bbSection Titre et Pr\u00e9sentation\u00a0\u00bb _builder_version=\u00a0\u00bb4.7.4&Prime; _module_preset=\u00a0\u00bbdefault\u00a0\u00bb custom_padding=\u00a0\u00bb2em||2em||false|false\u00a0\u00bb da_disable_devices=\u00a0\u00bboff|off|off\u00a0\u00bb collapsed=\u00a0\u00bboff\u00a0\u00bb da_is_popup=\u00a0\u00bboff\u00a0\u00bb da_exit_intent=\u00a0\u00bboff\u00a0\u00bb da_has_close=\u00a0\u00bbon\u00a0\u00bb da_alt_close=\u00a0\u00bboff\u00a0\u00bb da_dark_close=\u00a0\u00bboff\u00a0\u00bb da_not_modal=\u00a0\u00bbon\u00a0\u00bb da_is_singular=\u00a0\u00bboff\u00a0\u00bb da_with_loader=\u00a0\u00bboff\u00a0\u00bb da_has_shadow=\u00a0\u00bbon\u00a0\u00bb][et_pb_row column_structure=\u00a0\u00bb1_2,1_4,1_4&Prime; use_custom_gutter=\u00a0\u00bbon\u00a0\u00bb gutter_width=\u00a0\u00bb2&Prime; admin_label=\u00a0\u00bbPrivatisation de l&rsquo;hotel\u00a0\u00bb _builder_version=\u00a0\u00bb3.25&Prime; width=\u00a0\u00bb90%\u00a0\u00bb max_width=\u00a0\u00bb90%\u00a0\u00bb custom_padding=\u00a0\u00bb||0px|||\u00a0\u00bb use_custom_width=\u00a0\u00bbon\u00a0\u00bb width_unit=\u00a0\u00bboff\u00a0\u00bb custom_width_percent=\u00a0\u00bb90%\u00a0\u00bb collapsed=\u00a0\u00bboff\u00a0\u00bb][et_pb_column type=\u00a0\u00bb1_2&Prime; _builder_version=\u00a0\u00bb3.25&Prime; custom_padding=\u00a0\u00bb|||\u00a0\u00bb custom_padding__hover=\u00a0\u00bb|||\u00a0\u00bb][et_pb_text _builder_version=\u00a0\u00bb4.7.4&Prime; _module_preset=\u00a0\u00bbdefault\u00a0\u00bb background_color=\u00a0\u00bbrgba(0,0,0,0)\u00a0\u00bb custom_padding=\u00a0\u00bb1.2em|2em|1.2em|2em|true|true\u00a0\u00bb hover_enabled=\u00a0\u00bb0&Prime; sticky_enabled=\u00a0\u00bb0&Prime;]<\/p>\n<p style=\"text-align: center; font-size: 2.1em; font-family: Abel;\"><strong>Un h\u00f4tel rien que pour vous !<\/strong><\/p>\n<p style=\"text-align: center; font-size: 2.1em; font-family: Abel;\"><strong>\u00a0version villa<br \/> avec ou sans prestations h\u00f4teli\u00e8res<\/strong><\/p>\n<p style=\"text-align: justify;\"><strong><\/strong><\/p>\n<p style=\"text-align: justify;\"><strong>Entre amis, en famille,<\/strong> se retrouver et partager ensemble un <strong>moment intimiste <\/strong><\/p>\n<p style=\"text-align: justify;\">ou bien<strong> f\u00eater un \u00e9v\u00e8nement<\/strong> exclusif: un enterrement de vie de c\u00e9libataire, un anniversaire, un bapt\u00e8me, une f\u00eate des p\u00e8res ou des m\u00e8res, une soir\u00e9e&#8230;<\/p>\n<p style=\"text-align: Justify;\"><strong>Entre coll\u00e8gues de travail,<\/strong> collaborateurs, organiser une <strong>rencontre professionnelle<\/strong> dans une ambiance d\u00e9contract\u00e9e : un voyage incentive, un team building &#8230;<\/p>\n<p>[\/et_pb_text][\/et_pb_column][et_pb_column type=\u00a0\u00bb1_4&Prime; _builder_version=\u00a0\u00bb3.25&Prime; custom_padding=\u00a0\u00bb|||\u00a0\u00bb custom_padding__hover=\u00a0\u00bb|||\u00a0\u00bb][et_pb_image src=\u00a0\u00bbhttp:\/\/ascosa.corsica\/wp-content\/uploads\/2019\/01\/exterieur-chambres-300&#215;200.jpg\u00a0\u00bb alt=\u00a0\u00bbExt\u00e9rieurs donnant sur les chambres\u00a0\u00bb title_text=\u00a0\u00bbexterieur-chambres\u00a0\u00bb show_in_lightbox=\u00a0\u00bbon\u00a0\u00bb align_tablet=\u00a0\u00bbcenter\u00a0\u00bb align_phone=\u00a0\u00bb\u00a0\u00bb align_last_edited=\u00a0\u00bbon|desktop\u00a0\u00bb admin_label=\u00a0\u00bbJardin\u00a0\u00bb _builder_version=\u00a0\u00bb4.7.4&Prime;][\/et_pb_image][et_pb_image src=\u00a0\u00bbhttp:\/\/ascosa.corsica\/wp-content\/uploads\/2021\/03\/IMG_0367-300&#215;200.jpg\u00a0\u00bb alt=\u00a0\u00bbJardin ext\u00e9rieur et son coin d\u00e9tente\u00a0\u00bb title_text=\u00a0\u00bbExt\u00e9rieur coin d\u00e9tente\u00a0\u00bb align=\u00a0\u00bbcenter\u00a0\u00bb align_tablet=\u00a0\u00bbcenter\u00a0\u00bb align_phone=\u00a0\u00bbcenter\u00a0\u00bb align_last_edited=\u00a0\u00bbon|tablet\u00a0\u00bb admin_label=\u00a0\u00bbTerrasse hotel ext\u00e9rieur\u00a0\u00bb _builder_version=\u00a0\u00bb4.7.4&Prime; custom_margin=\u00a0\u00bb||||false|false\u00a0\u00bb][\/et_pb_image][\/et_pb_column][et_pb_column type=\u00a0\u00bb1_4&Prime; _builder_version=\u00a0\u00bb3.25&Prime; custom_padding=\u00a0\u00bb|||\u00a0\u00bb custom_padding__hover=\u00a0\u00bb|||\u00a0\u00bb][et_pb_image src=\u00a0\u00bbhttp:\/\/ascosa.corsica\/wp-content\/uploads\/2021\/03\/IMG_0355-300&#215;200.jpg\u00a0\u00bb alt=\u00a0\u00bbNotre piscine \u00a0\u00bb title_text=\u00a0\u00bbPiscine-tag\u00a0\u00bb show_in_lightbox=\u00a0\u00bbon\u00a0\u00bb align_tablet=\u00a0\u00bbcenter\u00a0\u00bb align_phone=\u00a0\u00bb\u00a0\u00bb align_last_edited=\u00a0\u00bbon|desktop\u00a0\u00bb admin_label=\u00a0\u00bbPiscine\u00a0\u00bb _builder_version=\u00a0\u00bb4.7.4&Prime;][\/et_pb_image][et_pb_image src=\u00a0\u00bbhttp:\/\/ascosa.corsica\/wp-content\/uploads\/2021\/03\/chambre4-1-300&#215;200.jpg\u00a0\u00bb alt=\u00a0\u00bbNotre Chambre n\u00b04 \u00a0\u00bb title_text=\u00a0\u00bbchambre4-1&Prime; align=\u00a0\u00bbcenter\u00a0\u00bb align_tablet=\u00a0\u00bbcenter\u00a0\u00bb align_phone=\u00a0\u00bb\u00a0\u00bb align_last_edited=\u00a0\u00bbon|desktop\u00a0\u00bb admin_label=\u00a0\u00bbChambre\u00a0\u00bb _builder_version=\u00a0\u00bb4.7.4&Prime; _module_preset=\u00a0\u00bbdefault\u00a0\u00bb custom_margin=\u00a0\u00bb||12px|||\u00a0\u00bb][\/et_pb_image][\/et_pb_column][\/et_pb_row][\/et_pb_section][et_pb_section fb_built=\u00a0\u00bb1&Prime; admin_label=\u00a0\u00bbPopup &#8211; #undefined\u00a0\u00bb _builder_version=\u00a0\u00bb4.7.4&Prime; _module_preset=\u00a0\u00bbdefault\u00a0\u00bb background_color=\u00a0\u00bb#f1f1f1&Prime; custom_padding=\u00a0\u00bb13px||37px|||\u00a0\u00bb da_disable_devices=\u00a0\u00bboff|off|off\u00a0\u00bb da_is_popup=\u00a0\u00bboff\u00a0\u00bb da_exit_intent=\u00a0\u00bboff\u00a0\u00bb da_has_close=\u00a0\u00bbon\u00a0\u00bb da_alt_close=\u00a0\u00bboff\u00a0\u00bb da_dark_close=\u00a0\u00bboff\u00a0\u00bb da_not_modal=\u00a0\u00bbon\u00a0\u00bb da_is_singular=\u00a0\u00bboff\u00a0\u00bb da_with_loader=\u00a0\u00bboff\u00a0\u00bb da_has_shadow=\u00a0\u00bbon\u00a0\u00bb][et_pb_row column_structure=\u00a0\u00bb3_5,2_5&Prime; _builder_version=\u00a0\u00bb4.7.4&Prime; _module_preset=\u00a0\u00bbdefault\u00a0\u00bb][et_pb_column type=\u00a0\u00bb3_5&Prime; _builder_version=\u00a0\u00bb4.7.4&Prime; _module_preset=\u00a0\u00bbdefault\u00a0\u00bb][et_pb_text admin_label=\u00a0\u00bbDescription de l&rsquo;hotel\u00a0\u00bb _builder_version=\u00a0\u00bb4.7.4&Prime; _module_preset=\u00a0\u00bbdefault\u00a0\u00bb]<\/p>\n<h2>DESCRIPTIF DES PRESTATIONS<\/h2>\n<p>Un espace d\u00e9tente en openspace : l&rsquo;Ascosa Caf\u00e9<br \/>Un jardin avec coin d\u00e9tente<br \/>Une piscine avec transat<br \/>Une terrasse am\u00e9nag\u00e9e sous Pergola<br \/>Un parking priv\u00e9<\/p>\n<p>[\/et_pb_text][et_pb_text admin_label=\u00a0\u00bbCapacit\u00e9\u00a0\u00bb _builder_version=\u00a0\u00bb4.7.4&Prime; _module_preset=\u00a0\u00bbdefault\u00a0\u00bb]<\/p>\n<h3>Notre capacit\u00e9 d&rsquo;accueil<\/h3>\n<p>Nous pouvons accueillir jusqu&rsquo;\u00e0 16 personnes.<span class=\"Apple-converted-space\">\u00a0<\/span><\/p>\n<p>Nos 6 chambres double (modulable en twin) et un studio 4 personnes vous permettent d&rsquo;organiser diff\u00e9rentes\u00a0combinaisons :<\/p>\n<p>&#8211; 7 personnes en chambre individuel<br \/>&#8211; 14 personnes en chambre double ou twin<br \/>&#8211; 16 personnes (dont 12 en chambres double ou twin et 4 personnes en studio avec kitchenette)<span class=\"Apple-converted-space\">\u00a0<\/span><\/p>\n<p>[\/et_pb_text][\/et_pb_column][et_pb_column type=\u00a0\u00bb2_5&Prime; _builder_version=\u00a0\u00bb4.7.4&Prime; _module_preset=\u00a0\u00bbdefault\u00a0\u00bb][et_pb_text admin_label=\u00a0\u00bbTexte\u00a0\u00bb module_id=\u00a0\u00bbh4-option-privatisation\u00a0\u00bb module_class=\u00a0\u00bbh4-pr\u00a0\u00bb _builder_version=\u00a0\u00bb4.7.4&Prime; _module_preset=\u00a0\u00bbdefault\u00a0\u00bb text_font=\u00a0\u00bb|||on|||||\u00a0\u00bb header_font=\u00a0\u00bb||on||||||\u00a0\u00bb header_3_font=\u00a0\u00bb||||||||\u00a0\u00bb header_4_font=\u00a0\u00bb|700|||||||\u00a0\u00bb header_4_text_align=\u00a0\u00bbcenter\u00a0\u00bb header_4_text_color=\u00a0\u00bb#000000&Prime; background_color=\u00a0\u00bb#ffffff\u00a0\u00bb width_tablet=\u00a0\u00bb\u00a0\u00bb width_phone=\u00a0\u00bb\u00a0\u00bb width_last_edited=\u00a0\u00bbon|desktop\u00a0\u00bb custom_margin=\u00a0\u00bb0px||-2px||false|false\u00a0\u00bb custom_padding=\u00a0\u00bb1.5em||||false|false\u00a0\u00bb]<\/p>\n<h4 style=\"text-align: center; font-size: 2em;\"><strong>\u00a0En option<\/strong><\/h4>\n<p>[\/et_pb_text][et_pb_text _builder_version=\u00a0\u00bb4.7.4&Prime; _module_preset=\u00a0\u00bbdefault\u00a0\u00bb background_color=\u00a0\u00bb#ffffff\u00a0\u00bb width=\u00a0\u00bb100%\u00a0\u00bb custom_margin=\u00a0\u00bb||||false|false\u00a0\u00bb custom_padding=\u00a0\u00bb|2em||2em|false|false\u00a0\u00bb]<\/p>\n<p>L&rsquo;h\u00f4tel Ascosa Aventure s\u2019adapte \u00e0 vos besoins et vos souhaits. Nous vous proposons en option diff\u00e9rents services:<\/p>\n<ul>\n<li data-pm-slice=\"1 1 []\">Le petit-d\u00e9jeuner, le d\u00e9jeuner, le diner, un buffet ou bien un pique-nique.<\/li>\n<li>Un cocktail d&rsquo;activit\u00e9s de pleine nature : Canyoning, Parc aventure avec Via ferrata et Tyroliennes g\u00e9antes, rafting, kayaking&#8230;<\/li>\n<li>Vos transferts en 4X4<\/li>\n<li>et pourquoi pas un Dj.<\/li>\n<\/ul>\n<p>[\/et_pb_text][et_pb_video src=\u00a0\u00bbhttp:\/\/ascosa.corsica\/wp-content\/uploads\/2019\/01\/accueil-siteITC.mp4&Prime; _builder_version=\u00a0\u00bb4.7.4&Prime; _module_preset=\u00a0\u00bbdefault\u00a0\u00bb custom_margin=\u00a0\u00bb-33px|||||\u00a0\u00bb][\/et_pb_video][\/et_pb_column][\/et_pb_row][\/et_pb_section]<\/p>\n","protected":false},"excerpt":{"rendered":"<p>Un h\u00f4tel rien que pour vous ! \u00a0version villa avec ou sans prestations h\u00f4teli\u00e8res Entre amis, en famille, se retrouver et partager ensemble un moment intimiste ou bien f\u00eater un \u00e9v\u00e8nement exclusif: un enterrement de vie de c\u00e9libataire, un anniversaire, un bapt\u00e8me, une f\u00eate des p\u00e8res ou des m\u00e8res, une soir\u00e9e&#8230; Entre coll\u00e8gues de travail, [&hellip;]<\/p>\n","protected":false},"author":1,"featured_media":0,"parent":0,"menu_order":0,"comment_status":"closed","ping_status":"closed","template":"","meta":{"_et_pb_use_builder":"on","_et_pb_old_content":"","_et_gb_content_width":"","footnotes":""},"class_list":["post-1031","page","type-page","status-publish","hentry"],"_links":{"self":[{"href":"https:\/\/ascosa.corsica\/index.php\/wp-json\/wp\/v2\/pages\/1031","targetHints":{"allow":["GET"]}}],"collection":[{"href":"https:\/\/ascosa.corsica\/index.php\/wp-json\/wp\/v2\/pages"}],"about":[{"href":"https:\/\/ascosa.corsica\/index.php\/wp-json\/wp\/v2\/types\/page"}],"author":[{"embeddable":true,"href":"https:\/\/ascosa.corsica\/index.php\/wp-json\/wp\/v2\/users\/1"}],"replies":[{"embeddable":true,"href":"https:\/\/ascosa.corsica\/index.php\/wp-json\/wp\/v2\/comments?post=1031"}],"version-history":[{"count":44,"href":"https:\/\/ascosa.corsica\/index.php\/wp-json\/wp\/v2\/pages\/1031\/revisions"}],"predecessor-version":[{"id":1521,"href":"https:\/\/ascosa.corsica\/index.php\/wp-json\/wp\/v2\/pages\/1031\/revisions\/1521"}],"wp:attachment":[{"href":"https:\/\/ascosa.corsica\/index.php\/wp-json\/wp\/v2\/media?parent=1031"}],"curies":[{"name":"wp","href":"https:\/\/api.w.org\/{rel}","templated":true}]}}