{"id":102,"date":"2019-01-15T09:24:21","date_gmt":"2019-01-15T08:24:21","guid":{"rendered":"http:\/\/ascosa.corsica\/?page_id=102"},"modified":"2021-12-02T12:44:06","modified_gmt":"2021-12-02T11:44:06","slug":"farniente","status":"publish","type":"page","link":"https:\/\/ascosa.corsica\/index.php\/farniente\/","title":{"rendered":"Farniente"},"content":{"rendered":"<p>[et_pb_section fb_built=\u00a0\u00bb1&Prime; fullwidth=\u00a0\u00bbon\u00a0\u00bb _builder_version=\u00a0\u00bb3.22&Prime; da_disable_devices=\u00a0\u00bboff|off|off\u00a0\u00bb da_is_popup=\u00a0\u00bboff\u00a0\u00bb da_exit_intent=\u00a0\u00bboff\u00a0\u00bb da_has_close=\u00a0\u00bbon\u00a0\u00bb da_alt_close=\u00a0\u00bboff\u00a0\u00bb da_dark_close=\u00a0\u00bboff\u00a0\u00bb da_not_modal=\u00a0\u00bbon\u00a0\u00bb da_is_singular=\u00a0\u00bboff\u00a0\u00bb da_with_loader=\u00a0\u00bboff\u00a0\u00bb da_has_shadow=\u00a0\u00bbon\u00a0\u00bb][et_pb_fullwidth_header title=\u00a0\u00bbFarniente\u00a0\u00bb subhead=\u00a0\u00bbPiscine et jardin\u00a0\u00bb text_orientation=\u00a0\u00bbcenter\u00a0\u00bb header_fullscreen=\u00a0\u00bbon\u00a0\u00bb button_one_url=\u00a0\u00bbhttps:\/\/www.secure-direct-hotel-booking.com\/module_booking_engine\/index.php?id_etab=bc81febfeda548ec76f4ab4593609586&#038;langue=francais\u00a0\u00bb _builder_version=\u00a0\u00bb3.19.4&Prime; title_font=\u00a0\u00bbAbel|||on|||||\u00a0\u00bb title_font_size=\u00a0\u00bb44px\u00a0\u00bb subhead_font=\u00a0\u00bb|||on|||||\u00a0\u00bb subhead_font_size=\u00a0\u00bb20px\u00a0\u00bb background_image=\u00a0\u00bbhttp:\/\/ascosa.corsica\/wp-content\/uploads\/2019\/01\/piscine.jpg\u00a0\u00bb parallax=\u00a0\u00bbon\u00a0\u00bb custom_button_one=\u00a0\u00bbon\u00a0\u00bb button_one_text_size=\u00a0\u00bb16px\u00a0\u00bb button_one_border_radius=\u00a0\u00bb0px\u00a0\u00bb child_filter_contrast=\u00a0\u00bb200%\u00a0\u00bb custom_css_logo=\u00a0\u00bbwidth:20%;\u00a0\u00bb title_text_shadow_style=\u00a0\u00bbpreset1&Prime; title_text_shadow_horizontal_length=\u00a0\u00bb0.03em\u00a0\u00bb title_text_shadow_vertical_length=\u00a0\u00bb0.06em\u00a0\u00bb title_text_shadow_color=\u00a0\u00bbrgba(0,0,0,0.88)\u00a0\u00bb subhead_text_shadow_style=\u00a0\u00bbpreset1&Prime; subhead_text_shadow_vertical_length=\u00a0\u00bb0.08em\u00a0\u00bb subhead_text_shadow_color=\u00a0\u00bbrgba(0,0,0,0.9)\u00a0\u00bb button_one_text_shadow_style=\u00a0\u00bbpreset1&Prime; box_shadow_style_button_one=\u00a0\u00bbpreset2&Prime; box_shadow_horizontal_button_one=\u00a0\u00bb0px\u00a0\u00bb box_shadow_vertical_button_one=\u00a0\u00bb1px\u00a0\u00bb box_shadow_blur_button_one=\u00a0\u00bb7px\u00a0\u00bb]<br \/>\n[\/et_pb_fullwidth_header][\/et_pb_section][et_pb_section fb_built=\u00a0\u00bb1&Prime; _builder_version=\u00a0\u00bb3.22&Prime; custom_padding=\u00a0\u00bb6px|0px|0|0px|false|false\u00a0\u00bb da_disable_devices=\u00a0\u00bboff|off|off\u00a0\u00bb da_is_popup=\u00a0\u00bboff\u00a0\u00bb da_exit_intent=\u00a0\u00bboff\u00a0\u00bb da_has_close=\u00a0\u00bbon\u00a0\u00bb da_alt_close=\u00a0\u00bboff\u00a0\u00bb da_dark_close=\u00a0\u00bboff\u00a0\u00bb da_not_modal=\u00a0\u00bbon\u00a0\u00bb da_is_singular=\u00a0\u00bboff\u00a0\u00bb da_with_loader=\u00a0\u00bboff\u00a0\u00bb da_has_shadow=\u00a0\u00bbon\u00a0\u00bb][et_pb_row _builder_version=\u00a0\u00bb3.25&Prime; width=\u00a0\u00bb60%\u00a0\u00bb max_width=\u00a0\u00bb60%\u00a0\u00bb use_custom_width=\u00a0\u00bbon\u00a0\u00bb width_unit=\u00a0\u00bboff\u00a0\u00bb custom_width_percent=\u00a0\u00bb60%\u00a0\u00bb][et_pb_column type=\u00a0\u00bb4_4&Prime; _builder_version=\u00a0\u00bb3.25&Prime; custom_padding=\u00a0\u00bb|||\u00a0\u00bb custom_padding__hover=\u00a0\u00bb|||\u00a0\u00bb][et_pb_text _builder_version=\u00a0\u00bb4.7.4&Prime; text_font=\u00a0\u00bbAbel||||||||\u00a0\u00bb text_font_size=\u00a0\u00bb20px\u00a0\u00bb text_line_height=\u00a0\u00bb1.3em\u00a0\u00bb header_font=\u00a0\u00bb||||||||\u00a0\u00bb hover_enabled=\u00a0\u00bb0&Prime; sticky_enabled=\u00a0\u00bb0&Prime;]<\/p>\n<div class=\"page\" title=\"Page 1\">\n<div class=\"section\">\n<div class=\"layoutArea\">\n<div class=\"column\">\n<p><span>Transats, parasols, baignades et ambiance StreetArt autour de la piscine de 45m\u00b2<\/span><span>\u00a0<\/span><span>o\u00f9 l\u2019artiste insulaire Micka signe en 2014 un graffiti color\u00e9 de 12 m\u00e8tres de long. A la mi-saison, la piscine est chauff\u00e9e. <\/span><\/p>\n<p><span>C\u00f4t\u00e9 Sud-Ouest, face aux chambres, le jardin a conserv\u00e9 ses quelques arbres d\u2019origine, ch\u00eane, acacias, poiriers sauvages et s\u2019est enrichi d\u2019essences locales symboliques du maquis corse tels que arbousiers, cystes ladinif\u00e8res, thym, romarin et de v\u00e9n\u00e9rables oliviers qui constituent la trame de cette nouvelle composition. <\/span><\/p>\n<p><span>Devant les pergolas des chambres, d\u2019innombrables galets tapissent le sol et rappellent que la rivi\u00e8re n\u2019est pas tr\u00e8s loin. Autour du grand ch\u00eane, un espace am\u00e9nag\u00e9 invite au farniente entre siestes, lectures ou pauses gourmandes.<\/span><\/p>\n<p><span>Horaires de la piscine : en libre acc\u00e8s sauf pendant les heures de traitements obligatoires. Ferm\u00e9e d&rsquo;octobre \u00e0 mars.<\/span><\/p>\n<\/div>\n<\/div>\n<\/div>\n<\/div>\n<p>[\/et_pb_text][\/et_pb_column][\/et_pb_row][\/et_pb_section][et_pb_section fb_built=\u00a0\u00bb1&Prime; _builder_version=\u00a0\u00bb3.22&Prime; background_color=\u00a0\u00bb#f2f2f2&Prime; custom_padding=\u00a0\u00bb0|0px|4px|0px|false|false\u00a0\u00bb da_disable_devices=\u00a0\u00bboff|off|off\u00a0\u00bb da_is_popup=\u00a0\u00bboff\u00a0\u00bb da_exit_intent=\u00a0\u00bboff\u00a0\u00bb da_has_close=\u00a0\u00bbon\u00a0\u00bb da_alt_close=\u00a0\u00bboff\u00a0\u00bb da_dark_close=\u00a0\u00bboff\u00a0\u00bb da_not_modal=\u00a0\u00bbon\u00a0\u00bb da_is_singular=\u00a0\u00bboff\u00a0\u00bb da_with_loader=\u00a0\u00bboff\u00a0\u00bb da_has_shadow=\u00a0\u00bbon\u00a0\u00bb][et_pb_row column_structure=\u00a0\u00bb1_3,1_3,1_3&Prime; use_custom_gutter=\u00a0\u00bbon\u00a0\u00bb gutter_width=\u00a0\u00bb2&Prime; _builder_version=\u00a0\u00bb3.25&Prime; width=\u00a0\u00bb90%\u00a0\u00bb max_width=\u00a0\u00bb90%\u00a0\u00bb use_custom_width=\u00a0\u00bbon\u00a0\u00bb width_unit=\u00a0\u00bboff\u00a0\u00bb custom_width_percent=\u00a0\u00bb90%\u00a0\u00bb][et_pb_column type=\u00a0\u00bb1_3&Prime; _builder_version=\u00a0\u00bb3.25&Prime; custom_padding=\u00a0\u00bb|||\u00a0\u00bb custom_padding__hover=\u00a0\u00bb|||\u00a0\u00bb][et_pb_image src=\u00a0\u00bbhttp:\/\/ascosa.corsica\/wp-content\/uploads\/2019\/03\/exterieur-mars19.jpg\u00a0\u00bb show_in_lightbox=\u00a0\u00bbon\u00a0\u00bb align_tablet=\u00a0\u00bbcenter\u00a0\u00bb align_phone=\u00a0\u00bb\u00a0\u00bb align_last_edited=\u00a0\u00bbon|desktop\u00a0\u00bb _builder_version=\u00a0\u00bb3.23&Prime;]<br \/>\n[\/et_pb_image][\/et_pb_column][et_pb_column type=\u00a0\u00bb1_3&Prime; _builder_version=\u00a0\u00bb3.25&Prime; custom_padding=\u00a0\u00bb|||\u00a0\u00bb custom_padding__hover=\u00a0\u00bb|||\u00a0\u00bb][et_pb_image src=\u00a0\u00bbhttp:\/\/ascosa.corsica\/wp-content\/uploads\/2019\/03\/IMG_0367.jpg\u00a0\u00bb show_in_lightbox=\u00a0\u00bbon\u00a0\u00bb align_tablet=\u00a0\u00bbcenter\u00a0\u00bb align_phone=\u00a0\u00bb\u00a0\u00bb align_last_edited=\u00a0\u00bbon|desktop\u00a0\u00bb _builder_version=\u00a0\u00bb3.23&Prime;]<br \/>\n[\/et_pb_image][\/et_pb_column][et_pb_column type=\u00a0\u00bb1_3&Prime; _builder_version=\u00a0\u00bb3.25&Prime; custom_padding=\u00a0\u00bb|||\u00a0\u00bb custom_padding__hover=\u00a0\u00bb|||\u00a0\u00bb][et_pb_image src=\u00a0\u00bbhttp:\/\/ascosa.corsica\/wp-content\/uploads\/2019\/03\/IMG_0355.jpg\u00a0\u00bb show_in_lightbox=\u00a0\u00bbon\u00a0\u00bb align_tablet=\u00a0\u00bbcenter\u00a0\u00bb align_phone=\u00a0\u00bb\u00a0\u00bb align_last_edited=\u00a0\u00bbon|desktop\u00a0\u00bb _builder_version=\u00a0\u00bb3.23&Prime;]<br \/>\n[\/et_pb_image][\/et_pb_column][\/et_pb_row][\/et_pb_section]<\/p>\n","protected":false},"excerpt":{"rendered":"<p>Transats, parasols, baignades et ambiance StreetArt autour de la piscine de 45m\u00b2\u00a0o\u00f9 l\u2019artiste insulaire Micka signe en 2014 un graffiti color\u00e9 de 12 m\u00e8tres de long. A la mi-saison, la piscine est chauff\u00e9e. C\u00f4t\u00e9 Sud-Ouest, face aux chambres, le jardin a conserv\u00e9 ses quelques arbres d\u2019origine, ch\u00eane, acacias, poiriers sauvages et s\u2019est enrichi d\u2019essences locales [&hellip;]<\/p>\n","protected":false},"author":1,"featured_media":0,"parent":0,"menu_order":0,"comment_status":"closed","ping_status":"closed","template":"","meta":{"_et_pb_use_builder":"on","_et_pb_old_content":"","_et_gb_content_width":"","footnotes":""},"class_list":["post-102","page","type-page","status-publish","hentry"],"_links":{"self":[{"href":"https:\/\/ascosa.corsica\/index.php\/wp-json\/wp\/v2\/pages\/102","targetHints":{"allow":["GET"]}}],"collection":[{"href":"https:\/\/ascosa.corsica\/index.php\/wp-json\/wp\/v2\/pages"}],"about":[{"href":"https:\/\/ascosa.corsica\/index.php\/wp-json\/wp\/v2\/types\/page"}],"author":[{"embeddable":true,"href":"https:\/\/ascosa.corsica\/index.php\/wp-json\/wp\/v2\/users\/1"}],"replies":[{"embeddable":true,"href":"https:\/\/ascosa.corsica\/index.php\/wp-json\/wp\/v2\/comments?post=102"}],"version-history":[{"count":17,"href":"https:\/\/ascosa.corsica\/index.php\/wp-json\/wp\/v2\/pages\/102\/revisions"}],"predecessor-version":[{"id":1518,"href":"https:\/\/ascosa.corsica\/index.php\/wp-json\/wp\/v2\/pages\/102\/revisions\/1518"}],"wp:attachment":[{"href":"https:\/\/ascosa.corsica\/index.php\/wp-json\/wp\/v2\/media?parent=102"}],"curies":[{"name":"wp","href":"https:\/\/api.w.org\/{rel}","templated":true}]}}